{"id":1704,"date":"2017-11-30T09:14:10","date_gmt":"2017-11-30T09:14:10","guid":{"rendered":"https:\/\/manoirdebiraudbas.com\/?page_id=1704"},"modified":"2018-05-02T12:19:05","modified_gmt":"2018-05-02T11:19:05","slug":"privacy-policy","status":"publish","type":"page","link":"https:\/\/manoirdebiraudbas.com\/fr\/privacy-policy\/","title":{"rendered":"Privacy Policy"},"content":{"rendered":"<div class=\"fusion-fullwidth fullwidth-box nonhundred-percent-fullwidth non-hundred-percent-height-scrolling\"  style='background-color: #ffffff;background-position: center center;background-repeat: no-repeat;padding-top:0px;padding-right:0px;padding-bottom:0px;padding-left:0px;'><div class=\"fusion-builder-row fusion-row\"><div  class=\"fusion-layout-column fusion_builder_column fusion_builder_column_1_1  fusion-one-full fusion-column-first fusion-column-last 1_1\"  style='margin-top:0px;margin-bottom:00px;'>\n\t\t\t\t\t<div class=\"fusion-column-wrapper\" style=\"padding: 0px 0px 0px 0px;background-position:left top;background-repeat:no-repeat;-webkit-background-size:cover;-moz-background-size:cover;-o-background-size:cover;background-size:cover;\"  data-bg-url=\"\">\n\t\t\t\t\t\t<div class=\"fusion-text\"><div id=\"primera\">\n<div class=\"fck\">\n<h3>Quelles sont les informations que nous recueillons ?<\/h3>\n<div>Nous recueillons des informations de votre part lorsque vous remplissez un formulaire.<\/div>\n<div>Lors de la commande ou de l'enregistrement sur notre site, selon le cas, il peut vous \u00eatre demand\u00e9 de saisir votre : nom, adresse \u00e9lectronique, adresse postale ou num\u00e9ro de t\u00e9l\u00e9phone. Vous pouvez toutefois visiter notre site de mani\u00e8re anonyme.<\/div>\n<h3>A quoi servent vos informations ?<\/h3>\n<div>Toutes les informations que nous recueillons aupr\u00e8s de vous peuvent \u00eatre utilis\u00e9es de l'une des mani\u00e8res suivantes :\nPour am\u00e9liorer notre site web<\/div>\n<ul>\n<li>Pour am\u00e9liorer notre site web<br \/>\n(nous nous effor\u00e7ons continuellement d'am\u00e9liorer les offres de notre site web sur la base des informations et des commentaires que nous recevons de votre part)<\/li>\n<li>Pour am\u00e9liorer le service \u00e0 la client\u00e8le<br \/>\n(vos informations nous aident \u00e0 r\u00e9pondre plus efficacement \u00e0 vos demandes de service \u00e0 la client\u00e8le et \u00e0 vos besoins d'assistance)<\/li>\n<li>Pour envoyer des courriers \u00e9lectroniques p\u00e9riodiques<br \/>\nL'adresse \u00e9lectronique que vous fournissez pour le traitement de la commande ne sera utilis\u00e9e que pour vous envoyer des informations et des mises \u00e0 jour relatives \u00e0 votre commande.<\/li>\n<\/ul>\n<h3>Comment prot\u00e9geons-nous vos informations ?<\/h3>\n<div>Nous mettons en \u0153uvre diverses mesures de s\u00e9curit\u00e9 pour assurer la s\u00e9curit\u00e9 de vos informations personnelles lorsque vous passez une commande ou lorsque vous saisissez, soumettez ou acc\u00e9dez \u00e0 vos informations personnelles.<\/div>\n<div>Nous proposons l'utilisation d'un serveur s\u00e9curis\u00e9. Toutes les informations sensibles\/de cr\u00e9dit fournies sont transmises via la technologie Secure Socket Layer (SSL), puis crypt\u00e9es dans la base de donn\u00e9es de nos fournisseurs de passerelles de paiement pour n'\u00eatre accessibles qu'aux personnes autoris\u00e9es disposant de droits d'acc\u00e8s sp\u00e9ciaux \u00e0 ces syst\u00e8mes, et qui sont tenues de garder les informations confidentielles.<\/div>\n<div>Apr\u00e8s une transaction, vos informations priv\u00e9es (cartes de cr\u00e9dit, num\u00e9ros de s\u00e9curit\u00e9 sociale, donn\u00e9es financi\u00e8res, etc.) ne seront pas stock\u00e9es sur nos serveurs.<\/div>\n<h3>Utilisons-nous des cookies ?<\/h3>\n<div>Oui (Les cookies sont de petits fichiers qu'un site ou son fournisseur de services transf\u00e8re sur le disque dur de votre ordinateur par le biais de votre navigateur Web (si vous l'autorisez) et qui permettent aux sites ou aux syst\u00e8mes des fournisseurs de services de reconna\u00eetre votre navigateur et de capturer et m\u00e9moriser certaines informations.<\/div>\n<div>Nous utilisons les cookies pour comprendre et enregistrer vos pr\u00e9f\u00e9rences lors de visites ult\u00e9rieures et pour compiler des donn\u00e9es globales sur le trafic et l'interaction du site afin de pouvoir offrir de meilleures exp\u00e9riences et de meilleurs outils \u00e0 l'avenir.<\/div>\n<h3>Est-ce que nous divulguons des informations \u00e0 des tiers ?<\/h3>\n<div>Nous ne vendons pas, n'\u00e9changeons pas et ne transf\u00e9rons pas d'une autre mani\u00e8re \u00e0 des tiers vos informations personnelles identifiables. Cela n'inclut pas les tiers de confiance qui nous aident \u00e0 exploiter notre site Web, \u00e0 mener nos activit\u00e9s ou \u00e0 vous servir, pour autant que ces parties acceptent de garder ces informations confidentielles. Nous pouvons \u00e9galement divulguer vos informations lorsque nous pensons qu'il est appropri\u00e9 de le faire pour se conformer \u00e0 la loi, appliquer les politiques de notre site, ou prot\u00e9ger nos droits, notre propri\u00e9t\u00e9 ou notre s\u00e9curit\u00e9 ou ceux d'autres personnes. Toutefois, les informations relatives aux visiteurs non identifiables personnellement peuvent \u00eatre fournies \u00e0 d'autres parties \u00e0 des fins de marketing, de publicit\u00e9 ou autres.<\/div>\n<h3>Liens avec des tiers<\/h3>\n<div>Occasionnellement, \u00e0 notre discr\u00e9tion, nous pouvons inclure ou offrir des produits ou services de tiers sur notre site web. Ces sites tiers ont des politiques de confidentialit\u00e9 distinctes et ind\u00e9pendantes. Nous ne sommes donc pas responsables du contenu et des activit\u00e9s de ces sites. N\u00e9anmoins, nous cherchons \u00e0 prot\u00e9ger l'int\u00e9grit\u00e9 de notre site et accueillons volontiers tout commentaire sur ces sites.<\/div>\n<h3>Conformit\u00e9 \u00e0 la loi sur la protection de la vie priv\u00e9e des enfants en ligne<\/h3>\n<div>Nous sommes en conformit\u00e9 avec les exigences de la COPPA (Children's Online Privacy Protection Act), nous ne collectons aucune information aupr\u00e8s de personnes \u00e2g\u00e9es de moins de 13 ans. Notre site Web, nos produits et nos services sont tous destin\u00e9s \u00e0 des personnes \u00e2g\u00e9es d'au moins 13 ans ou plus.<\/div>\n<h3>Votre consentement<\/h3>\n<div>En utilisant notre site, vous consentez \u00e0 notre politique de confidentialit\u00e9.<\/div>\n<h3>Modifications de notre politique de confidentialit\u00e9<\/h3>\n<div>Si nous d\u00e9cidons de modifier notre politique de confidentialit\u00e9, nous publierons ces modifications sur cette page.<\/div>\n<h3>Nous contacter<\/h3>\n<div>Pour toute question concernant cette politique de confidentialit\u00e9, vous pouvez nous <a href=\"https:\/\/manoirdebiraudbas.com\/fr\/contact\/\">contacter.<\/a>.<\/div>\n<\/div>\n<\/div>\n<div><\/div>\n<div>\n<p><b>Propri\u00e9taire et contr\u00f4leur des donn\u00e9es<\/b><\/p>\n<p>Liz Tanguy et Martyn Tanguy<\/p>\n<p><strong>Biraud Bas<\/strong><br \/>\n47260 Castelmoron sur lot<br \/>\nNouvelle Aquitaine<br \/>\nFrance<\/p>\n<p><b>Courriel de contact du propri\u00e9taire :<\/b> liznmartyn@gmail.com<\/p>\n<p>&nbsp;<\/p>\n<p><b>Application.<\/b><\/p>\n<p>Parmi les types de Donn\u00e9es Personnelles que cette Application collecte, par elle-m\u00eame ou par l'interm\u00e9diaire de tiers, il y a : Cookies, Donn\u00e9es d'utilisation, pr\u00e9nom, nom de famille et adresse \u00e9lectronique.<\/p>\n<p>Les d\u00e9tails complets sur chaque type de Donn\u00e9es Personnelles collect\u00e9es sont fournis dans les sections d\u00e9di\u00e9es de la pr\u00e9sente politique de confidentialit\u00e9 ou par des textes explicatifs sp\u00e9cifiques affich\u00e9s avant la collecte des Donn\u00e9es.<\/p>\n<p>Les Donn\u00e9es Personnelles peuvent \u00eatre librement fournies par l'Utilisateur, ou, dans le cas des Donn\u00e9es d'Utilisation, collect\u00e9es automatiquement lors de l'utilisation de cette Application.<\/p>\n<p>Toutes les Donn\u00e9es demand\u00e9es par cette Application sont obligatoires et le fait de ne pas fournir ces Donn\u00e9es peut rendre impossible la prestation des services de cette Application. Dans les cas o\u00f9 cette Application indique sp\u00e9cifiquement que certaines Donn\u00e9es ne sont pas obligatoires, les Utilisateurs sont libres de ne pas communiquer ces Donn\u00e9es sans aucune cons\u00e9quence sur la disponibilit\u00e9 ou le fonctionnement du service.<\/p>\n<p>Les Utilisateurs qui ne sont pas certains des Donn\u00e9es personnelles obligatoires sont invit\u00e9s \u00e0 contacter le Propri\u00e9taire.<\/p>\n<p>Toute utilisation de Cookies - ou d'autres outils de suivi - par cette Application ou par les propri\u00e9taires de services tiers utilis\u00e9s par cette Application sert \u00e0 fournir le service requis par l'Utilisateur, en plus de toute autre finalit\u00e9 d\u00e9crite dans le pr\u00e9sent document et dans la Politique en mati\u00e8re de Cookies, si elle est disponible.<\/p>\n<p>Les Utilisateurs sont responsables de toutes les Donn\u00e9es personnelles de tiers obtenues, publi\u00e9es ou partag\u00e9es par le biais de cette Application et confirment qu'ils ont le consentement du tiers pour fournir les Donn\u00e9es au Propri\u00e9taire.<\/p>\n<p><b>Mode et lieu de traitement des Donn\u00e9es<\/b><\/p>\n<p><b>Modalit\u00e9s de traitement<\/b><\/p>\n<p>Le Titulaire traite les Donn\u00e9es des Utilisateurs de mani\u00e8re appropri\u00e9e et prend des mesures de s\u00e9curit\u00e9 appropri\u00e9es pour emp\u00eacher l'acc\u00e8s non autoris\u00e9, la divulgation, la modification ou la destruction non autoris\u00e9e des Donn\u00e9es.<\/p>\n<p>Le traitement des Donn\u00e9es est effectu\u00e9 \u00e0 l'aide d'ordinateurs et\/ou d'outils activ\u00e9s par l'informatique, en suivant des proc\u00e9dures et des modes d'organisation strictement li\u00e9s aux finalit\u00e9s indiqu\u00e9es. Outre le Responsable du traitement, dans certains cas, les Donn\u00e9es peuvent \u00eatre accessibles \u00e0 certains types de personnes en charge, impliqu\u00e9es dans le fonctionnement du site (administration, ventes, marketing, juridique, administration du syst\u00e8me) ou \u00e0 des parties externes (telles que des prestataires de services techniques tiers, des transporteurs de courrier, des fournisseurs d'h\u00e9bergement, des soci\u00e9t\u00e9s informatiques, des agences de communication) nomm\u00e9es, si n\u00e9cessaire, en tant que Responsables du traitement par le Propri\u00e9taire. La liste actualis\u00e9e de ces parties peut \u00eatre demand\u00e9e \u00e0 tout moment au Responsable du traitement des donn\u00e9es.<\/p>\n<p><b>Lieu<\/b><\/p>\n<p>Les Donn\u00e9es sont trait\u00e9es dans les bureaux d'exploitation du Responsable des donn\u00e9es et dans tout autre lieu o\u00f9 se trouvent les parties impliqu\u00e9es dans le traitement. Pour de plus amples informations, veuillez contacter le responsable du traitement des donn\u00e9es.<\/p>\n<p><b>Dur\u00e9e de conservation<\/b><\/p>\n<p>Les Donn\u00e9es sont conserv\u00e9es pendant le temps n\u00e9cessaire pour fournir le service demand\u00e9 par l'Utilisateur, ou indiqu\u00e9 par les objectifs d\u00e9crits dans ce document, et l'Utilisateur peut toujours demander au Responsable du traitement de suspendre ou de supprimer les donn\u00e9es.<\/p>\n<p><b>L'utilisation des donn\u00e9es collect\u00e9es<\/b><\/p>\n<p>Les Donn\u00e9es concernant l'Utilisateur sont collect\u00e9es pour permettre au Propri\u00e9taire de fournir ses services, ainsi qu'aux fins suivantes : Analyses, Contacter l'Utilisateur et G\u00e9rer les contacts et envoyer des messages.<\/p>\n<p>Les Donn\u00e9es personnelles utilis\u00e9es pour chaque finalit\u00e9 sont d\u00e9crites dans les sections sp\u00e9cifiques du pr\u00e9sent document.<\/p>\n<p><b>Informations d\u00e9taill\u00e9es sur le traitement des donn\u00e9es personnelles<\/b><\/p>\n<p>Les Donn\u00e9es personnelles sont collect\u00e9es aux fins suivantes et \u00e0 l'aide des services suivants :<\/p>\n<ul>\n<li><b>Analytique<\/b><\/li>\n<\/ul>\n<p>Les services contenus dans cette section permettent au Propri\u00e9taire de surveiller et d'analyser le trafic web et peuvent \u00eatre utilis\u00e9s pour suivre le comportement de l'Utilisateur.<\/p>\n<p><b>Google Analytics (Google Inc.)<\/b><\/p>\n<p>Google Analytics est un service d'analyse du Web fourni par Google Inc. (\"Google\"). Google utilise les Donn\u00e9es collect\u00e9es pour suivre et examiner l'utilisation de cette Application, pour pr\u00e9parer des rapports sur ses activit\u00e9s et les partager avec d'autres services Google.<\/p>\n<p>Google peut utiliser les donn\u00e9es collect\u00e9es pour contextualiser et personnaliser les annonces de son propre r\u00e9seau publicitaire.<\/p>\n<p>Donn\u00e9es personnelles collect\u00e9es : Cookies et donn\u00e9es d'utilisation.<\/p>\n<p>Lieu de traitement : \u00c9tats-Unis -<a href=\"https:\/\/www.google.com\/intl\/en\/policies\/privacy\/\"> Privacy Policy<\/a> -<a href=\"https:\/\/tools.google.com\/dlpage\/gaoptout?hl=en\"> Opt Out<\/a><\/p>\n<ul>\n<li><b>Contacter l'utilisateur<\/b><\/li>\n<\/ul>\n<p><b>Formulaire de contact (cette Application)<\/b><\/p>\n<p>En remplissant le formulaire de contact avec ses Donn\u00e9es, l'Utilisateur autorise cette Application \u00e0 utiliser ces donn\u00e9es pour r\u00e9pondre aux demandes d'informations, de devis ou tout autre type de demande comme indiqu\u00e9 par l'en-t\u00eate du formulaire.<\/p>\n<p>Donn\u00e9es personnelles collect\u00e9es : adresse \u00e9lectronique, pr\u00e9nom et nom.<\/p>\n<ul>\n<li><b>Gestion des contacts et envoi de messages<\/b><\/li>\n<\/ul>\n<p>Ce type de service permet de g\u00e9rer une base de donn\u00e9es de contacts email, de contacts t\u00e9l\u00e9phoniques ou de toute autre information de contact pour communiquer avec l'Utilisateur.<\/p>\n<p>Ces services peuvent \u00e9galement collecter des donn\u00e9es concernant la date et l'heure auxquelles le message a \u00e9t\u00e9 consult\u00e9 par l'Utilisateur, ainsi que lorsque l'Utilisateur a interagi avec celui-ci, par exemple en cliquant sur des liens inclus dans le message.<\/p>\n<p><b>Informations compl\u00e9mentaires sur la collecte et le traitement des donn\u00e9es<\/b><\/p>\n<p><b>Action en justice<\/b><\/p>\n<p>Les donn\u00e9es personnelles de l'Utilisateur peuvent \u00eatre utilis\u00e9es \u00e0 des fins juridiques par le Contr\u00f4leur des donn\u00e9es, devant les tribunaux ou dans les \u00e9tapes menant \u00e0 une \u00e9ventuelle action en justice d\u00e9coulant d'une utilisation inappropri\u00e9e de cette Application ou des services connexes.<\/p>\n<p>L'Utilisateur d\u00e9clare \u00eatre conscient que le Contr\u00f4leur des donn\u00e9es peut \u00eatre tenu de r\u00e9v\u00e9ler des donn\u00e9es personnelles \u00e0 la demande des autorit\u00e9s publiques.<\/p>\n<p><b>Informations suppl\u00e9mentaires sur les donn\u00e9es personnelles de l'Utilisateur<\/b><\/p>\n<p>En plus des informations contenues dans la pr\u00e9sente politique de confidentialit\u00e9, cette Application peut fournir \u00e0 l'Utilisateur des informations suppl\u00e9mentaires et contextuelles concernant des services particuliers ou la collecte et le traitement des Donn\u00e9es personnelles sur demande.<\/p>\n<p><b>Journaux syst\u00e8me et maintenance<\/b><\/p>\n<p>\u00c0 des fins d'exploitation et de maintenance, cette Application et tout service tiers peuvent collecter des fichiers qui enregistrent l'interaction avec cette Application (journaux du syst\u00e8me) ou utiliser \u00e0 cette fin d'autres Donn\u00e9es personnelles (telles que l'adresse IP).<\/p>\n<p><b>Informations non contenues dans la pr\u00e9sente politique<\/b><\/p>\n<p>De plus amples d\u00e9tails concernant la collecte ou le traitement des Donn\u00e9es personnelles peuvent \u00eatre demand\u00e9s au Contr\u00f4leur des donn\u00e9es \u00e0 tout moment. Veuillez consulter les informations de contact au d\u00e9but du pr\u00e9sent document.<\/p>\n<p><b>Les droits des utilisateurs<\/b><\/p>\n<p>Les Utilisateurs ont le droit, \u00e0 tout moment, de savoir si leurs Donn\u00e9es Personnelles ont \u00e9t\u00e9 stock\u00e9es et peuvent consulter le Contr\u00f4leur des Donn\u00e9es pour conna\u00eetre leur contenu et leur origine, v\u00e9rifier leur exactitude ou demander qu'elles soient compl\u00e9t\u00e9es, annul\u00e9es, mises \u00e0 jour ou corrig\u00e9es, ou leur transformation en format anonyme ou le blocage des donn\u00e9es d\u00e9tenues en violation de la loi, ainsi que s'opposer \u00e0 leur traitement pour tout motif l\u00e9gitime. Les demandes doivent \u00eatre envoy\u00e9es au contr\u00f4leur des donn\u00e9es aux coordonn\u00e9es indiqu\u00e9es ci-dessus.<\/p>\n<p>Cette Application ne prend pas en charge les demandes de \" Do Not Track \".<\/p>\n<p>Pour d\u00e9terminer si l'un des services tiers qu'elle utilise honore les demandes de \" Ne pas suivre \", veuillez lire leurs politiques de confidentialit\u00e9.<\/p>\n<p><b>Modifications de la pr\u00e9sente politique de confidentialit\u00e9<\/b><\/p>\n<p>Le Contr\u00f4leur des donn\u00e9es se r\u00e9serve le droit d'apporter des modifications \u00e0 la pr\u00e9sente politique de confidentialit\u00e9 \u00e0 tout moment en en informant ses Utilisateurs sur cette page. Il est fortement recommand\u00e9 de v\u00e9rifier souvent cette page, en se r\u00e9f\u00e9rant \u00e0 la date de la derni\u00e8re modification indiqu\u00e9e au bas de la page. Si un utilisateur s'oppose \u00e0 l'une des modifications apport\u00e9es \u00e0 la politique, il doit cesser d'utiliser cette application et peut demander au contr\u00f4leur de donn\u00e9es de supprimer les donn\u00e9es personnelles. Sauf indication contraire, la politique de confidentialit\u00e9 alors en vigueur s'applique \u00e0 toutes les Donn\u00e9es personnelles que le Responsable des donn\u00e9es poss\u00e8de sur les Utilisateurs.<\/p>\n<p><b>D\u00e9finitions et r\u00e9f\u00e9rences juridiques<\/b><\/p>\n<p><b>Donn\u00e9es personnelles (ou Donn\u00e9es)<\/b><\/p>\n<p>Toute information concernant une personne physique, une personne morale, une institution ou une association, qui est, ou peut \u00eatre, identifi\u00e9e, m\u00eame indirectement, par r\u00e9f\u00e9rence \u00e0 toute autre information, y compris un num\u00e9ro d'identification personnel.<\/p>\n<p><b>Donn\u00e9es d'utilisation<\/b><\/p>\n<p>le pays d'origine, les caract\u00e9ristiques du navigateur et du syst\u00e8me d'exploitation utilis\u00e9s par l'utilisateur, les diff\u00e9rents d\u00e9tails de temps par visite (par ex, le temps pass\u00e9 sur chaque page de l'application) et les d\u00e9tails concernant le chemin suivi dans l'application, en particulier la s\u00e9quence des pages visit\u00e9es, ainsi que d'autres param\u00e8tres concernant le syst\u00e8me d'exploitation du dispositif et\/ou l'environnement informatique de l'utilisateur.<\/p>\n<p><b>Utilisateur<\/b><\/p>\n<p>La personne physique qui utilise cette Application, qui doit co\u00efncider avec ou \u00eatre autoris\u00e9e par la Personne concern\u00e9e, \u00e0 laquelle les Donn\u00e9es personnelles se r\u00e9f\u00e8rent.<\/p>\n<p><b>Personne concern\u00e9e<\/b><\/p>\n<p>La personne morale ou physique \u00e0 laquelle les Donn\u00e9es Personnelles se r\u00e9f\u00e8rent.<\/p>\n<p><b>Responsable du traitement des donn\u00e9es (ou contr\u00f4leur des donn\u00e9es)<\/b><\/p>\n<p>La personne physique, la personne morale, l'administration publique ou tout autre organisme, association ou organisation autoris\u00e9 par le Contr\u00f4leur des donn\u00e9es \u00e0 traiter les Donn\u00e9es personnelles conform\u00e9ment \u00e0 la pr\u00e9sente politique de confidentialit\u00e9.<\/p>\n<p><b>Contr\u00f4leur des donn\u00e9es (ou Propri\u00e9taire)<\/b><\/p>\n<p>La personne physique, la personne morale, l'administration publique ou tout autre organisme, association ou organisation ayant le droit, \u00e9galement conjointement avec un autre Contr\u00f4leur des donn\u00e9es, de prendre des d\u00e9cisions concernant les finalit\u00e9s, et les m\u00e9thodes de traitement des Donn\u00e9es personnelles et les moyens utilis\u00e9s, y compris les mesures de s\u00e9curit\u00e9 concernant le fonctionnement et l'utilisation de cette Application. Le Contr\u00f4leur des donn\u00e9es, sauf indication contraire, est le Propri\u00e9taire de cette Application.<\/p>\n<p><b>Cette Application<\/b><\/p>\n<p>L'outil mat\u00e9riel ou logiciel par lequel les Donn\u00e9es personnelles de l'Utilisateur sont collect\u00e9es.<\/p>\n<p><b>Cookies<\/b><\/p>\n<p>petits ensembles de donn\u00e9es stock\u00e9s dans l'appareil de l'utilisateur.<\/p>\n<p><b>Informations l\u00e9gales<\/b><\/p>\n<p>Avis aux utilisateurs europ\u00e9ens : la pr\u00e9sente d\u00e9claration de confidentialit\u00e9 a \u00e9t\u00e9 pr\u00e9par\u00e9e conform\u00e9ment aux obligations de l'art. 10 de la Directive CE n. 95\/46\/CE, et en vertu des dispositions de la Directive 2002\/58\/CE, telle que r\u00e9vis\u00e9e par la Directive 2009\/136\/CE, sur le sujet des Cookies.<\/p>\n<p>La pr\u00e9sente politique de confidentialit\u00e9 concerne uniquement cette application.<\/p>\n<\/div>\n<\/div><div class=\"fusion-clearfix\"><\/div>\n\n\t\t\t\t\t<\/div>\n\t\t\t\t<\/div><\/div><\/div>","protected":false},"excerpt":{"rendered":"","protected":false},"author":1,"featured_media":0,"parent":0,"menu_order":0,"comment_status":"closed","ping_status":"closed","template":"","meta":{"footnotes":""},"_links":{"self":[{"href":"https:\/\/manoirdebiraudbas.com\/fr\/wp-json\/wp\/v2\/pages\/1704"}],"collection":[{"href":"https:\/\/manoirdebiraudbas.com\/fr\/wp-json\/wp\/v2\/pages"}],"about":[{"href":"https:\/\/manoirdebiraudbas.com\/fr\/wp-json\/wp\/v2\/types\/page"}],"author":[{"embeddable":true,"href":"https:\/\/manoirdebiraudbas.com\/fr\/wp-json\/wp\/v2\/users\/1"}],"replies":[{"embeddable":true,"href":"https:\/\/manoirdebiraudbas.com\/fr\/wp-json\/wp\/v2\/comments?post=1704"}],"version-history":[{"count":2,"href":"https:\/\/manoirdebiraudbas.com\/fr\/wp-json\/wp\/v2\/pages\/1704\/revisions"}],"predecessor-version":[{"id":2000,"href":"https:\/\/manoirdebiraudbas.com\/fr\/wp-json\/wp\/v2\/pages\/1704\/revisions\/2000"}],"wp:attachment":[{"href":"https:\/\/manoirdebiraudbas.com\/fr\/wp-json\/wp\/v2\/media?parent=1704"}],"curies":[{"name":"wp","href":"https:\/\/api.w.org\/{rel}","templated":true}]}}