{"id":1708,"date":"2017-11-30T09:52:02","date_gmt":"2017-11-30T09:52:02","guid":{"rendered":"https:\/\/manoirdebiraudbas.com\/?page_id=1708"},"modified":"2024-03-11T10:30:00","modified_gmt":"2024-03-11T10:30:00","slug":"terms-conditions","status":"publish","type":"page","link":"https:\/\/manoirdebiraudbas.com\/fr\/terms-conditions\/","title":{"rendered":"Terms &#038; Conditions"},"content":{"rendered":"<div class=\"fusion-fullwidth fullwidth-box nonhundred-percent-fullwidth non-hundred-percent-height-scrolling\"  style='background-color: #ffffff;background-position: center center;background-repeat: no-repeat;padding-top:0px;padding-right:0px;padding-bottom:0px;padding-left:0px;'><div class=\"fusion-builder-row fusion-row\"><div  class=\"fusion-layout-column fusion_builder_column fusion_builder_column_1_1  fusion-one-full fusion-column-first fusion-column-last 1_1\"  style='margin-top:0px;margin-bottom:00px;'>\n\t\t\t\t\t<div class=\"fusion-column-wrapper\" style=\"padding: 0px 0px 0px 0px;background-position:left top;background-repeat:no-repeat;-webkit-background-size:cover;-moz-background-size:cover;-o-background-size:cover;background-size:cover;\"  data-bg-url=\"\">\n\t\t\t\t\t\t<div class=\"fusion-text\"><h1>Conditions G\u00e9n\u00e9rales<\/h1>\n<p>Dans ces Conditions G\u00e9n\u00e9rales, \u00ab vous \u00bb et \u00ab votre \u00bb d\u00e9signent toutes les personnes nomm\u00e9es sur la R\u00e9servation, y compris toute personne ajout\u00e9e ou substitu\u00e9e \u00e0 une date ult\u00e9rieure. \u00ab Chef de groupe \u00bb d\u00e9signe la personne qui g\u00e8re la r\u00e9servation et \u00e0 qui tous les documents seront envoy\u00e9s et re\u00e7us. \u00ab Nous \u00bb, \u00ab nos \u00bb, et \u00ab Propri\u00e9taire (s) \u00bb signifie l'un, l'autre ou les deux Propri\u00e9taire (s); Liz et Martyn Tanguy.<\/p>\n<ol>\n<li><strong>1.\tLes Propri\u00e9t\u00e9s<\/strong>\n<ul>\n<li>Les propri\u00e9t\u00e9s, appel\u00e9es Manoir et G\u00eete, sont propos\u00e9es \u00e0 la location sous r\u00e9serve de confirmation par les Propri\u00e9taires.<\/li>\n<li>Il est \u00e0 noter que les Propri\u00e9taires habitent dans une propri\u00e9t\u00e9 \u00e0 proximit\u00e9 du Manoir et du g\u00eete. Ils ont un chien gentil et \u00e9nerg\u00e9tique, Burtie, un \"cocker spaniel\" qui aime rencontrer des gens, surtout s'ils sont contents de jouer avec lui !<\/li>\n<li>The rental prices include bed linen, house towels, pool towels, kitchen linen, oil, gas, electricity and water (See Clause 8)<\/li>\n<li>La p\u00e9riode de location hebdomadaire est du samedi au samedi. Les autres jours sont soumis \u00e0 disponibilit\u00e9 et pour organiser cela, vous devrez prendre contact avec les Propri\u00e9taires.<\/li>\n<li>The Owners ask that the properties are vacated by 10am on the day of departure and arrivals are not prior to 5pm. This allows the Owners time to carry out initial inventory checks and ensure that the properties are fit for the new occupants.<\/li>\n<li>Si votre arriv\u00e9e est retard\u00e9e, veuillez en informer les Propri\u00e9taires car ils doivent \u00eatre pr\u00e9sents \u00e0 votre arriv\u00e9e.<\/li>\n<li>Les Propri\u00e9taires devront effectuer l'entretien de la piscine pendant que le manoir et le g\u00eete sont occup\u00e9s, ce sera t\u00f4t le matin. (Voir article 4)<\/li>\n<li>Les Propri\u00e9taires s'efforcent de ne pas d\u00e9ranger les clients et tentent donc d'effectuer les entretiens ainsi que la maintenance entre les r\u00e9servations. Ce n'est que dans des circonstances exceptionnelles que les Propri\u00e9taires auraient besoin d'un acc\u00e8s.<\/li>\n<li>Les Propri\u00e9taires se r\u00e9servent le droit d'apporter des modifications aux sp\u00e9cifications des propri\u00e9t\u00e9s jug\u00e9es n\u00e9cessaires en vue des exigences d\u2019usage. Dans un souci d'am\u00e9lioration continue, les Propri\u00e9taires se r\u00e9servent le droit de modifier les meubles, les \u00e9quipements, les installations ou toute partie de toute pi\u00e8ce ou meuble, annonc\u00e9e ou disponible auparavant, sans aucun pr\u00e9avis.<\/li>\n<li>Les Propri\u00e9taires appliquent une politique d'interdiction de fumer \u00e0 l'int\u00e9rieur des propri\u00e9t\u00e9s garantissant (voir l'article 10) le confort des futurs clients ainsi que pour satisfaire les r\u00e9glementations d'incendie.<\/li>\n<li>Les propri\u00e9t\u00e9s sont desservies par une fosse septique. Il est important qu'aucun produit sanitaire, prophylactique, mouchoir ou lingette pour b\u00e9b\u00e9 ne soit jet\u00e9 dans les toilettes, et que du papier hygi\u00e9nique fran\u00e7ais soit utilis\u00e9 (le papier hygi\u00e9nique anglais est indigeste pour la flore de la fosse septique). Seuls des nettoyants pour toilettes adapt\u00e9s aux fosses septiques peuvent \u00eatre utilis\u00e9s.<\/li>\n<li>Veuillez noter qu'il y a un puit couvert sur le site, et bien que son couvercle soit s\u00e9curis\u00e9 pour des raisons de s\u00e9curit\u00e9, veuillez assurer de ne pas permettre aux enfants de jouer \u00e0 proximit\u00e9 du puit.<\/li>\n<li>The cooker in the Gite, the hob in the Manoir and the barbecues are run on lpg gas bottles. The Owners check to ensure you have gas to use prior to your arrival but please be prepared to change over to a new bottle during your stay if necessary.<\/li>\n<\/ul>\n<\/li>\n<\/ol>\n<div><\/div>\n<\/div><div class=\"fusion-text\"><ol>\n<li><strong>Literie et Linge de Maison<\/strong>\n<ul>\n<li>Toutes les couettes et oreillers sont hypoallerg\u00e9niques.<\/li>\n<li>Vous trouverez torchons, linge de lit, serviettes de maison et serviettes de piscine dans la propri\u00e9t\u00e9.<\/li>\n<li>Les demandes raisonnables de remplacement de linge sont gratuites, veuillez donc nous faire savoir si un article est marqu\u00e9 ou tach\u00e9. Si une tache ne peut pas \u00eatre enlev\u00e9e, le co\u00fbt du remplacement sera pr\u00e9lev\u00e9 sur le d\u00e9p\u00f4t de garantie.<\/li>\n<li>If you have taken a booking of 9 nights or more, replacements will be provided free of charge half way through your stay so that you may change the linen and pass the used linen to the Owners.<\/li>\n<\/ul>\n<\/li>\n<\/ol>\n<ol start=\"2\">\n<li><strong>Packs de Bienvenue<\/strong>\n<ul>\n<li>Les articles d\u00e9crits et affich\u00e9s sur le site Web \/ la documentation de notre pack de bienvenue ne sont pas contraignants et ne cr\u00e9ent aucune obligation.<\/li>\n<li>\u00c9tant donn\u00e9 qu\u2019il s'agit d'un cadeau (gratuit) des Propri\u00e9taires, aucune remise ne peut \u00eatre accord\u00e9e si elle n'est pas requise.<strong>.<\/strong><\/li>\n<\/ul>\n<\/li>\n<\/ol>\n<ol start=\"3\">\n<li><strong>Piscines et Terrains<\/strong>\n<ul>\n<li>The swimming pools are available between May and September.<\/li>\n<li>Les Propri\u00e9taires ne peuvent en aucun cas \u00eatre tenus responsables des basses temp\u00e9ratures de l'eau.<\/li>\n<li>Veuillez noter que les piscines repr\u00e9sentent un risque permanent. \u00c0 votre arriv\u00e9e sur la propri\u00e9t\u00e9, vous et tous les membres de votre groupe devez prendre le temps de vous familiariser avec les proc\u00e9dures de fonctionnement de l'alarme de piscine.<\/li>\n<li>Aucun verre ou porcelaine ne doit \u00eatre pris ou utilis\u00e9 dans ou \u00e0 c\u00f4t\u00e9 de la piscine. Des verres en plastique sont fournis. Si du verre ou de la porcelaine tombe dans la piscine, il est essentiel que les Propri\u00e9taires soient inform\u00e9s le plus t\u00f4t possible. Il peut \u00eatre n\u00e9cessaire de vider, nettoyer et remplir la piscine pour \u00e9viter les blessures et les co\u00fbts associ\u00e9s seront d\u00e9duits de votre d\u00e9p\u00f4t de garantie.<\/li>\n<li>Les enfants et les b\u00e9b\u00e9s doivent \u00eatre surveill\u00e9s en permanence par un adulte capable de nager.<\/li>\n<li>Les jeunes enfants ne doivent pas \u00eatre autoris\u00e9s \u00e0 se promener non accompagn\u00e9s dans l'enceinte de la propri\u00e9t\u00e9.<\/li>\n<li>Il est permis de fumer dans les jardins, mais ne jetez pas de m\u00e9gots et veuillez utiliser les cendriers fournis.<\/li>\n<\/ul>\n<\/li>\n<\/ol>\n<ol start=\"4\">\n<li><strong>Animaux de Compagnie<\/strong>\n<ul>\n<li>Nous regrettons qu'en raison des allergies possibles de futurs clients ainsi que de la pr\u00e9sence sur la propri\u00e9t\u00e9 de l'animal de compagnie des Propri\u00e9taires, les animaux de compagnie (autres que les chiens sur arrangement pr\u00e9alable) ne soient pas autoris\u00e9s.<\/li>\n<li>L'arriv\u00e9e d'un invit\u00e9 ou d'invit\u00e9s avec un animal de compagnie auquel nous ne nous attendons pas entra\u00eenera leur refus et la perte imm\u00e9diate de tout paiement.<\/li>\n<\/ul>\n<\/li>\n<\/ol>\n<ol start=\"5\">\n<li><strong>Les Enfants<\/strong>\n<ul>\n<li>Si de l\u2019\u00e9quipement b\u00e9b\u00e9 est requis, veuillez en informer les Propri\u00e9taires au moment de la r\u00e9servation via le formulaire de r\u00e9servation.<\/li>\n<li>Le lit superpos\u00e9 du g\u00eete ainsi que son matelas sont conformes aux normes de s\u00e9curit\u00e9 europ\u00e9ennes.<\/li>\n<li>For safety reasons no children under the age of 7 are allowed on the top bunk of the bunk bed<strong>.<\/strong><\/li>\n<li>Pour des raisons de s\u00e9curit\u00e9, aucun invit\u00e9 ne peut dormir sur le lit sup\u00e9rieur des lits superpos\u00e9s s'il p\u00e8se plus de 57kg.<strong>.<\/strong><\/li>\n<li>Aucun enfant ne doit \u00eatre laiss\u00e9 seul au bord de la piscine (voir clause 3 ci-dessus).<\/li>\n<\/ul>\n<\/li>\n<\/ol>\n<ol start=\"6\">\n<li><strong>R\u00e9ductions<\/strong>\n<ul>\n<li>Toute remise concerne uniquement la location. Il ne peut pas \u00eatre utilis\u00e9 pour r\u00e9duire les extras facultatifs ou le d\u00e9p\u00f4t de garantie.<\/li>\n<li>Une fois la r\u00e9servation confirm\u00e9e, aucune remise ne peut \u00eatre ajout\u00e9e.<strong><br \/>\n<\/strong><\/li>\n<\/ul>\n<\/li>\n<\/ol>\n<ol start=\"7\">\n<li><strong>Location \u2013 1er<sup>st<\/sup> octobre au 31<sup>st<\/sup> March (Gite Only)<\/strong>\n<ul>\n<li>Le prix de la location comprend l'\u00e9lectricit\u00e9 ainsi qu\u2019une charge pour une brouette de bois coup\u00e9 pour le po\u00eale \u00e0 bois.<\/li>\n<li>Le prix de location comprend le chauffage \u00e0 20\u00bac.<\/li>\n<li>Du bois suppl\u00e9mentaire peut \u00eatre achet\u00e9 aupr\u00e8s des Propri\u00e9taires au prix de 25\u20ac par brouette.<\/li>\n<\/ul>\n<\/li>\n<\/ol>\n<\/div><div class=\"fusion-text\"><ol>\n<li><strong>La R\u00e9servation<\/strong>\n<ul>\n<li>T\u00e9l\u00e9chargez et remplissez le formulaire de r\u00e9servation.<\/li>\n<li>Scan and email the Booking Form back to the Owners.<\/li>\n<li>Si votre date d'arriv\u00e9e est dans les 49 jours qui suivent, le paiement complet, y compris le d\u00e9p\u00f4t de garantie, sera requis sur r\u00e9servation.<\/li>\n<li>If the Arrival Date is more than 49 days away then a deposit of 35% will be required<\/li>\n<li>D\u00e8s r\u00e9ception d'un paiement, la r\u00e9servation sera consid\u00e9r\u00e9e comme confirm\u00e9e.<\/li>\n<li>Toutes les modifications seront confirm\u00e9es par e-mail.<\/li>\n<li>Le solde et le d\u00e9p\u00f4t de garantie sont requis 49 jours avant la date d'arriv\u00e9e.<\/li>\n<li>Payment by direct bank transfer and details will be provided by email.<\/li>\n<li>Le Chef du Groupe doit \u00eatre membre du groupe occupant les propri\u00e9t\u00e9s et doit \u00eatre \u00e2g\u00e9 de 18 ans ou plus.<\/li>\n<li>Les r\u00e9servations ne peuvent pas \u00eatre accept\u00e9es de parties constitu\u00e9es d'un pourcentage \u00e9lev\u00e9 de personnes de moins de 18 ans.<\/li>\n<li>L'\u00e2ge doit \u00eatre d\u00e9clar\u00e9 pour tous les invit\u00e9s de moins de 21 ans - c'est une question d'assurance et permet aux Propri\u00e9taires de payer la taxe de s\u00e9jour.<\/li>\n<li>Toutes les r\u00e9servations sont soumises \u00e0 l'acceptation des Propri\u00e9taires.<\/li>\n<li>Toutes les d\u00e9clarations de r\u00e9servation doivent \u00eatre soigneusement v\u00e9rifi\u00e9es et les Propri\u00e9taires doivent \u00eatre inform\u00e9s de toute correction ou alt\u00e9ration, aussi mineure soit-elle. Sans \u00eatre inform\u00e9 des corrections \/ alt\u00e9rations, les Propri\u00e9taires ne peuvent garantir que ces modifications seront accept\u00e9es.<\/li>\n<li>L'ach\u00e8vement du formulaire de r\u00e9servation, le paiement de l'acompte ou du montant total et l'acceptation des conditions g\u00e9n\u00e9rales forment un contrat contraignant entre les Propri\u00e9taires et le Chef du Groupe<\/li>\n<li>Si le paiement int\u00e9gral n'a pas \u00e9t\u00e9 effectu\u00e9 dans les 49 jours (7 semaines) avant votre date d'arriv\u00e9e, les Propri\u00e9taires se r\u00e9servent le droit de consid\u00e9rer le contrat comme r\u00e9sili\u00e9. (Voir l'article 3 ci-dessous)<\/li>\n<\/ul>\n<\/li>\n<\/ol>\n<ol start=\"2\">\n<li><strong>D\u00e9p\u00f4t de Garantie<\/strong>\n<ul>\n<li>A Security Deposit of \u00a3350 or EUR350 is required for the Gite and \u00a31,000 or EUR1,000 for the Manoir and are payable with the balance of payment.<\/li>\n<li>Imm\u00e9diatement apr\u00e8s votre d\u00e9part, un inventaire et une v\u00e9rification des dommages seront effectu\u00e9s.<\/li>\n<li>If no damage to the property or its contents are found the full amount of security deposit paid will be returned by bank transfer direct to the Party Leader\u2019s specified bank account.<\/li>\n<li>Any issues will be reported to the Party Leader including photographs where possible. Replacements and\/or repairs will be carried out and the cost deducted from the security deposit. Any remainder will be credited to the Party Leader by bank transfer.<\/li>\n<li>\u00c9tant donn\u00e9 que vous serez responsable pour le co\u00fbt de toute casse, perte ou dommage \u00e0 la propri\u00e9t\u00e9 caus\u00e9e par vous ou par des membres de votre groupe, il est fortement recommand\u00e9 de souscrire une assurance ad\u00e9quate pour couvrir cela.<\/li>\n<li>Lorsque l'article \u00e0 remplacer fait partie d'une paire ou d'un ensemble, le propri\u00e9taire essaiera de remplacer l'unit\u00e9 unique mais, si n\u00e9cessaire, se r\u00e9serve le droit de remplacer la paire ou l'ensemble.<\/li>\n<li>Ce d\u00e9p\u00f4t de garantie ne limite pas la responsabilit\u00e9 du chef du groupe envers le Propri\u00e9taire. (Voir l'article 16 ci-dessous)<\/li>\n<li>Les Propri\u00e9taires se r\u00e9servent le droit de d\u00e9duire de la caution pour tout nettoyage suppl\u00e9mentaire, sur le nombre d'heures allou\u00e9es au m\u00e9nage.<\/li>\n<li>Le non-respect de la politique d'interdiction de fumer entra\u00eenera la confiscation totale du d\u00e9p\u00f4t de garantie.<\/li>\n<li>Les dommages seront r\u00e9par\u00e9s \u00ab en interne \u00bb dans la mesure du possible limitant les frais de main-d'\u0153uvre et de transport.<\/li>\n<li>Lorsque les dommages sont r\u00e9par\u00e9s par un tiers, le client sera factur\u00e9 du montant factur\u00e9 aux Propri\u00e9taires.<\/li>\n<li>Les co\u00fbts de remplacement incluent les frais de livraison et d'exp\u00e9dition de nos fournisseurs. Beaucoup d'entre eux ne sont pas en France.<\/li>\n<\/ul>\n<\/li>\n<\/ol>\n<ol start=\"3\">\n<li><strong>Paiements<\/strong>\n<ul>\n<li>All prices are in Euros.<\/li>\n<li>Payment can be made by bank transfer to the Owners EUR account with a French bank.<\/li>\n<li>Les ch\u00e8ques ne sont pas accept\u00e9s.<\/li>\n<li>Les Propri\u00e9taires ne sont pas responsables des frais factur\u00e9s par la banque ou autre au chef du groupe pour quelque raison que ce soit.<\/li>\n<\/ul>\n<\/li>\n<\/ol>\n<\/div><div class=\"fusion-text\"><ol>\n<li><strong>Extras<\/strong>\n<ul>\n<li>Si des extras sont n\u00e9cessaires (par exemple, repas ou nettoyage), ceux-ci doivent \u00eatre organis\u00e9s s\u00e9par\u00e9ment avec les propri\u00e9taires et un avis appropri\u00e9 doit \u00eatre donn\u00e9.<\/li>\n<li>Si des modifications sont n\u00e9cessaires, elles doivent \u00eatre demand\u00e9es par e-mail et sont \u00e0 la discr\u00e9tion des Propri\u00e9taires. Le paiement sera d\u00fb sur le prochain paiement pr\u00e9vu (c'est-\u00e0-dire le solde) ou en une seule fois.<\/li>\n<li>Si un paiement unique est requis, une facture sera envoy\u00e9e s\u00e9par\u00e9ment si n\u00e9cessaire.<\/li>\n<li>Pour tous les frais suppl\u00e9mentaires accumul\u00e9s une fois que le client est arriv\u00e9, le paiement sera enregistr\u00e9 et d\u00fb avant le d\u00e9part en euros.<\/li>\n<li>Aucun frais suppl\u00e9mentaire ne sera d\u00e9ductible du d\u00e9p\u00f4t de garantie.<\/li>\n<\/ul>\n<\/li>\n<\/ol>\n<ol start=\"2\">\n<li><strong>Modifications\/ Annulations par les Propri\u00e9taires<\/strong>\n<ul>\n<li>Dans le cas improbable d'un changement significatif a votre r\u00e9servation par les Propri\u00e9taires, le Chef de Groupe sera contact\u00e9 imm\u00e9diatement<\/li>\n<li>Dans le cas peu probable d'une annulation de votre r\u00e9servation par les Propri\u00e9taires (\u00e0 l'exception de la clause 3 ci-dessous), les Propri\u00e9taires contacteront le Chef de Groupe et traiteront un remboursement complet de toutes les sommes vers\u00e9es.<\/li>\n<li>Les Propri\u00e9taires se r\u00e9servent le droit de consid\u00e9rer la r\u00e9servation comme annul\u00e9e si le paiement int\u00e9gral n'a pas \u00e9t\u00e9 effectu\u00e9 dans les 49 jours (7 semaines) avant la date d'arriv\u00e9e. Si cette situation se produit, le Chef de Groupe peut \u00eatre inform\u00e9 par e-mail de la d\u00e9ch\u00e9ance du d\u00e9p\u00f4t. Aucune autre r\u00e9servation ne sera accept\u00e9e par le Chef de Groupe \u00e0 tout moment.<\/li>\n<\/ul>\n<\/li>\n<\/ol>\n<ol start=\"3\">\n<li><strong>Modifications \/ Annulation de votre part<\/strong>\n<ul>\n<li>Aucun changement ou modification n'est accept\u00e9 de la part d'une personne autre que le Chef de Groupe.<\/li>\n<li>Toute modification requise apr\u00e8s la confirmation de la r\u00e9servation ne peut \u00eatre garantie par les Propri\u00e9taires.<\/li>\n<li>Toute annulation sur votre part (pour quelque raison que ce soit) doit \u00eatre fournie par \u00e9crit ou par courrier \u00e9lectronique du Chef de Groupe. D\u00e8s r\u00e9ception de l\u2019information, une confirmation sera envoy\u00e9e d\u00e8s que possible. La date effective d'annulation est la date \u00e0 laquelle les Propri\u00e9taires re\u00e7oivent une notification d'annulation.<\/li>\n<li>Si vous annulez votre r\u00e9servation avant les 49 jours (7 semaines) qui pr\u00e9c\u00e8dent votre date d'arriv\u00e9e, vous risquez de perdre votre acompte.<\/li>\n<li>Si vous annulez votre r\u00e9servation dans les 49 jours (7 semaines) avant votre date d'arriv\u00e9e, tous les paiements seront perdus.<\/li>\n<li>Les Propri\u00e9taires feront de leur mieux pour obtenir une r\u00e9servation de remplacement. Si un remplacement est obtenu, les Propri\u00e9taires rembourseront alors toutes les sommes vers\u00e9es par vous, moins toute diff\u00e9rence entre le prix que vous avez pay\u00e9 pour la propri\u00e9t\u00e9 et le prix pay\u00e9 par le groupe de remplacement.<\/li>\n<li>Si le motif de votre annulation est couvert par les termes de votre contrat d'assurance, vous pourrez peut-\u00eatre r\u00e9cup\u00e9rer ces frais. Les r\u00e9clamations doivent \u00eatre adress\u00e9es directement \u00e0 la compagnie d'assurance concern\u00e9e et n'affectent pas le contrat entre vous et les Propri\u00e9taires.<\/li>\n<\/ul>\n<\/li>\n<\/ol>\n<ol start=\"4\">\n<li><strong>Notre Responsabilit\u00e9<\/strong>\n<ul>\n<li>Les Propri\u00e9taires ne peuvent \u00eatre tenus responsables du bruit ou des perturbations provenant au-del\u00e0 des limites de la propri\u00e9t\u00e9 ou qui sont hors de notre contr\u00f4le. Dans le cas o\u00f9 une source de bruit \u00e9vident a exist\u00e9 avant votre arriv\u00e9e et que les Propri\u00e9taires en sont conscients, les Propri\u00e9taires vous contacteront pour vous informer de la perturbation (Voir Clause 1 ci-dessus)<\/li>\n<li>Les Propri\u00e9taires ne peuvent \u00eatre tenus responsables de la panne de tout \u00e9quipement m\u00e9canique tel que pompes, chaudi\u00e8res, syst\u00e8mes de filtration de piscine, ni de la panne des services publics tels que l'eau et l'\u00e9lectricit\u00e9. Cependant, dans le cas peu probable d'un probl\u00e8me, ils feront de leur mieux pour corriger la situation avec le moins d'inconv\u00e9nients possible.<\/li>\n<li>Les Propri\u00e9taires ne seront pas responsables de toute perte, violation ou retard pour toute cause ind\u00e9pendante de notre volont\u00e9, y compris, mais sans s'y limiter, \u00abcatastrophe naturelle\u00bb, explosion, temp\u00eate, incendie ou accident, guerre ou menace de guerre, troubles civils, actes, restrictions, r\u00e9glementations, arr\u00eat\u00e9s ou mesures de toute nature de la part du gouvernement ou des autorit\u00e9s locales, gr\u00e8ves, lock-out ou autres actions ou litiges industriels ou conditions m\u00e9t\u00e9orologiques d\u00e9favorables.<\/li>\n<li>Les Propri\u00e9taires ont le droit de r\u00e9silier la location sans pr\u00e9avis et sans remboursement ou compensation si le nombre convenu d'invit\u00e9s est d\u00e9pass\u00e9.<\/li>\n<li>Les Propri\u00e9taires ne peuvent \u00eatre tenus responsables de toute blessure, perte ou dommage \u00e0 vous personnellement, \u00e0 vos biens ou \u00e0 vos v\u00e9hicules lors de l'utilisation de l'h\u00e9bergement, des terrains, de l'\u00e9quipement ou d'autres commodit\u00e9s. L'utilisation de ces \u00e9quipements est enti\u00e8rement \u00e0 vos risques et p\u00e9rils et les Propri\u00e9taires refusent toute responsabilit\u00e9.<\/li>\n<\/ul>\n<\/li>\n<\/ol>\n<\/div><div class=\"fusion-text\"><ol>\n<li><strong>Vos Responsabilit\u00e9s<\/strong>\n<ul>\n<li>Vous devez conserver les propri\u00e9t\u00e9s et tous les meubles, \u00e9quipements, installations, \u00e9quipements et terrains dans le m\u00eame \u00e9tat de r\u00e9paration et d'\u00e9tat qu'au d\u00e9but de la location, et dans le m\u00eame \u00e9tat de propret\u00e9 et d'ordre g\u00e9n\u00e9ral dans lequel ils ont \u00e9t\u00e9 trouv\u00e9s. (Voir article 10)<\/li>\n<li>Vous devez nous signaler, sans d\u00e9lai, tout d\u00e9faut de la propri\u00e9t\u00e9 ou une panne de l'\u00e9quipement, des machines ou d\u2019un appareil dans la propri\u00e9t\u00e9 ou des jardins, et des dispositions seront prises pour la r\u00e9paration et \/ ou le remplacement d\u00e8s que possible.<\/li>\n<li>Le stationnement des caravanes \/ le tangage des tentes \u00e0 la propri\u00e9t\u00e9 est strictement interdit.<\/li>\n<li>Seul le nombre de personnes indiqu\u00e9 sur la r\u00e9servation peuvent utiliser les propri\u00e9t\u00e9s, sauf accord contraire avec les propri\u00e9taires.<\/li>\n<li>Le nombre maximum de personnes (enfants compris) occupant le Manoir et le G\u00eete ne doit pas d\u00e9passer 14 et 6 respectivement (plus un b\u00e9b\u00e9 dans un lit b\u00e9b\u00e9).<\/li>\n<li>Le Chef de Groupe est responsable du comportement correct et d\u00e9cent du groupe. Si vous ou un membre de votre groupe ne se comporte pas de cette mani\u00e8re, les propri\u00e9taires peuvent utiliser leur discr\u00e9tion pour mettre fin au s\u00e9jour de la ou des personnes concern\u00e9es. Dans cette situation, la ou les personnes concern\u00e9es devront quitter le logement. Les propri\u00e9taires n'auront aucune autre responsabilit\u00e9 envers ces personnes, y compris tout autre h\u00e9bergement et dispositions de retour. Aucun remboursement ne sera effectu\u00e9 et les Propri\u00e9taires ne paieront aucuns frais ou co\u00fbts encourus \u00e0 la suite de la r\u00e9siliation.<\/li>\n<li>Pour des raisons de s\u00e9curit\u00e9, aucun invit\u00e9 n'est autoris\u00e9 sur le lit sup\u00e9rieur des lits superpos\u00e9s s'ils p\u00e8sent plus de 57 kg.<\/li>\n<\/ul>\n<\/li>\n<\/ol>\n<ol start=\"2\">\n<li><strong>S\u00fbret\u00e9, S\u00e9curit\u00e9 et Objets de Valeur<\/strong>\n<ul>\n<li>Tous les objets de valeur laiss\u00e9s dans la propri\u00e9t\u00e9 sont laiss\u00e9s \u00e0 vos propres risques. Les Propri\u00e9taires ne sont responsables d'aucune perte. Des pr\u00e9cautions appropri\u00e9es doivent \u00eatre prises contre le vol et le cambriolage. Il est essentiel, et \u00e9galement sous votre responsabilit\u00e9, de vous assurer que toutes les portes et fen\u00eatres sont ferm\u00e9es et verrouill\u00e9es lorsque vous quittez la propri\u00e9t\u00e9, ou lorsque vous \u00eates au bord de la piscine \/ dans le jardin. Aucun remboursement ne peut \u00eatre accord\u00e9 si vous d\u00e9cidez de quitter la propri\u00e9t\u00e9 \u00e0 la suite d'un cambriolage.<\/li>\n<\/ul>\n<\/li>\n<\/ol>\n<ol start=\"3\">\n<li><strong>Loi et Taxe de S\u00e9jour<\/strong>\n<ul>\n<li>This contract and all matters arising out of it are governed by French law and shall be deemed to have been made in France. Any dispute, claim or other matter which arises out of or in connection with your contract will be dealt with by a court of competent jurisdiction in France.<\/li>\n<li>La Taxe de S\u00e9jour est pay\u00e9e directement par les Propri\u00e9taires au nom des Invit\u00e9s.<\/li>\n<\/ul>\n<\/li>\n<\/ol>\n<ol start=\"4\">\n<li><strong>Protection des Donn\u00e9es<\/strong>\n<ul>\n<li>In accordance with the data Protection Act the Owners will ensure that:<\/li>\n<li>La collecte d'informations personnelles est juste et l\u00e9gale.<\/li>\n<li>Les Propri\u00e9taires assument la responsabilit\u00e9 de toutes les informations personnelles d\u00e9tenues et utilis\u00e9es et que des mesures de s\u00e9curit\u00e9 appropri\u00e9es soient en place pour prot\u00e9ger ces informations.<\/li>\n<li>Les Propri\u00e9taires demandent tous les d\u00e9tails de tous les membres du groupe sur le formulaire de r\u00e9servation par mesure de s\u00e9curit\u00e9 pendant vos vacances<\/li>\n<li>Bien qu'il soit n\u00e9cessaire de conserver vos informations sur notre ordinateur en raison d'obligations l\u00e9gales, les propri\u00e9taires peuvent vous exclure des emails qui vous informent de nos promos. Veuillez en informer les Propri\u00e9taires si vous souhaitez \u00eatre exclu.<\/li>\n<li>Bien que vos coordonn\u00e9es ne soient pas exclues, les Propri\u00e9taires peuvent vous fournir des remises disponibles (voir la clause 7 ci-dessus).<\/li>\n<li>Vos coordonn\u00e9es ne seront jamais transmises \u00e0 aucune autre partie.<\/li>\n<li>Si vous avez besoin d'une copie de vos coordonn\u00e9es, les Propri\u00e9taires peuvent les envoyer gratuitement par e-mail ou les poster au prix de \u00a310.<\/li>\n<\/ul>\n<\/li>\n<\/ol>\n<\/div><div class=\"fusion-clearfix\"><\/div>\n\n\t\t\t\t\t<\/div>\n\t\t\t\t<\/div><\/div><\/div>","protected":false},"excerpt":{"rendered":"","protected":false},"author":1,"featured_media":0,"parent":0,"menu_order":0,"comment_status":"closed","ping_status":"closed","template":"","meta":{"footnotes":""},"_links":{"self":[{"href":"https:\/\/manoirdebiraudbas.com\/fr\/wp-json\/wp\/v2\/pages\/1708"}],"collection":[{"href":"https:\/\/manoirdebiraudbas.com\/fr\/wp-json\/wp\/v2\/pages"}],"about":[{"href":"https:\/\/manoirdebiraudbas.com\/fr\/wp-json\/wp\/v2\/types\/page"}],"author":[{"embeddable":true,"href":"https:\/\/manoirdebiraudbas.com\/fr\/wp-json\/wp\/v2\/users\/1"}],"replies":[{"embeddable":true,"href":"https:\/\/manoirdebiraudbas.com\/fr\/wp-json\/wp\/v2\/comments?post=1708"}],"version-history":[{"count":17,"href":"https:\/\/manoirdebiraudbas.com\/fr\/wp-json\/wp\/v2\/pages\/1708\/revisions"}],"predecessor-version":[{"id":2506,"href":"https:\/\/manoirdebiraudbas.com\/fr\/wp-json\/wp\/v2\/pages\/1708\/revisions\/2506"}],"wp:attachment":[{"href":"https:\/\/manoirdebiraudbas.com\/fr\/wp-json\/wp\/v2\/media?parent=1708"}],"curies":[{"name":"wp","href":"https:\/\/api.w.org\/{rel}","templated":true}]}}