{"id":18,"date":"2015-02-03T20:17:08","date_gmt":"2015-02-03T20:17:08","guid":{"rendered":"http:\/\/avada.theme-fusion.com_demos\/hotel\/?page_id=18"},"modified":"2021-10-13T11:46:31","modified_gmt":"2021-10-13T10:46:31","slug":"contact","status":"publish","type":"page","link":"https:\/\/manoirdebiraudbas.com\/fr\/contact\/","title":{"rendered":"Contact"},"content":{"rendered":"<p><div class=\"fusion-fullwidth fullwidth-box nonhundred-percent-fullwidth non-hundred-percent-height-scrolling\"  style='background-color: #ffffff;background-position: center center;background-repeat: no-repeat;padding-top:0px;padding-right:0px;padding-bottom:0px;padding-left:0px;'><div class=\"fusion-builder-row fusion-row\"><div  class=\"fusion-layout-column fusion_builder_column fusion_builder_column_1_1  fusion-one-full fusion-column-first fusion-column-last 1_1\"  style='margin-top:0px;margin-bottom:00px;'>\n\t\t\t\t\t<div class=\"fusion-column-wrapper\" style=\"padding: 0px 0px 0px 0px;background-position:left top;background-repeat:no-repeat;-webkit-background-size:cover;-moz-background-size:cover;-o-background-size:cover;background-size:cover;\"  data-bg-url=\"\">\n\t\t\t\t\t\t<div class=\"fusion-text\"><h1>Contact Us<\/h1>\n<h3>For any questions or information<\/h3>\n<\/div><div class=\"fusion-sep-clear\"><\/div><div class=\"fusion-separator fusion-full-width-sep sep-single sep-solid\" style=\"border-color:#957d3f;border-top-width:1px;margin-left: auto;margin-right: auto;margin-top:;margin-bottom:30px;\"><\/div><div class=\"fusion-clearfix\"><\/div>\n\n\t\t\t\t\t<\/div>\n\t\t\t\t<\/div><\/div><\/div><div class=\"fusion-fullwidth fullwidth-box nonhundred-percent-fullwidth non-hundred-percent-height-scrolling\"  style='background-color: #ffffff;background-position: right bottom;background-repeat: no-repeat;padding-top:0px;padding-right:0px;padding-bottom:75px;padding-left:0px;border-top-width:0px;border-bottom-width:0px;border-color:#eae9e9;border-top-style:solid;border-bottom-style:solid;'><div class=\"fusion-builder-row fusion-row\"><div  class=\"fusion-layout-column fusion_builder_column fusion_builder_column_1_3  fusion-one-third fusion-column-first fusion-blend-mode 1_3\"  style='margin-top:0px;margin-bottom:00px;width:30.6666%; margin-right: 4%;'>\n\t\t\t\t\t<div class=\"fusion-column-wrapper\" style=\"background-color:#f5f1ea;padding: 30px 30px 30px 30px;background-position:center bottom;background-repeat:no-repeat;-webkit-background-size:cover;-moz-background-size:cover;-o-background-size:cover;background-size:cover;\"  data-bg-url=\"\">\n\t\t\t\t\t\t<div class=\"fusion-text\"><p><strong>Liz &amp; Martyn Tanguy<\/strong><\/p>\n<\/div><div class=\"fusion-sep-clear\"><\/div><div class=\"fusion-separator fusion-full-width-sep sep-single sep-solid\" style=\"border-color:#957d3f;border-top-width:1px;margin-top:0px;margin-bottom:20px;\"><\/div><div class=\"fusion-text\"><p style=\"text-align: left;\"><strong>Biraud Bas<\/strong><\/p>\n<p style=\"text-align: left;\">13 Route de Monclar<br \/>\n47260 Castelmoron sur lot<br \/>\nLot et Garonne<br \/>\nFrance<\/p>\n<\/div><div class=\"fusion-sep-clear\"><\/div><div class=\"fusion-separator fusion-full-width-sep sep-single sep-solid\" style=\"border-color:#957d3f;border-top-width:1px;margin-top:0px;margin-bottom:20px;\"><\/div><div class=\"fusion-text\"><p style=\"text-align: left;\">Tel: <strong>00 33 (0) 9 62 65 13 43<\/strong><\/p>\n<p style=\"text-align: left;\">Mobile (Liz) <strong>00 33 (0) 6 37 24 79 14<\/strong><\/p>\n<p>Mobile (Martyn) <strong>00 33 (0) 6 37 24 79 48<\/strong><\/p>\n<p>Email: <strong>info@manoirdebiraudbas.com<\/strong><\/p>\n<\/div><div class=\"fusion-sep-clear\"><\/div><div class=\"fusion-separator fusion-full-width-sep sep-single sep-solid\" style=\"border-color:#957d3f;border-top-width:1px;margin-top:0px;margin-bottom:20px;\"><\/div><div class=\"fusion-text\"><p>Veuillez mentionner que vous avez vu ce site web<\/p>\n<\/div><span class=\"fusion-imageframe imageframe-none imageframe-1 hover-type-none\"><img loading=\"lazy\" decoding=\"async\" src=\"https:\/\/manoirdebiraudbas.com\/wp-content\/uploads\/2018\/07\/tan-biraud-bas-logo.png\" width=\"600\" height=\"369\" alt=\"\" title=\"tan-biraud-bas-logo\" class=\"img-responsive wp-image-2071\" srcset=\"https:\/\/manoirdebiraudbas.com\/wp-content\/uploads\/2018\/07\/tan-biraud-bas-logo-200x123.png 200w, https:\/\/manoirdebiraudbas.com\/wp-content\/uploads\/2018\/07\/tan-biraud-bas-logo-400x246.png 400w, https:\/\/manoirdebiraudbas.com\/wp-content\/uploads\/2018\/07\/tan-biraud-bas-logo.png 600w\" sizes=\"(max-width: 1060px) 100vw, 400px\" \/><\/span><div class=\"fusion-clearfix\"><\/div>\n\n\t\t\t\t\t<\/div>\n\t\t\t\t<\/div><div  class=\"fusion-layout-column fusion_builder_column fusion_builder_column_2_3  fusion-two-third fusion-column-last fusion-blend-mode 2_3\"  style='margin-top:0px;margin-bottom:00px;width:65.3333%'>\n\t\t\t\t\t<div class=\"fusion-column-wrapper\" style=\"background-color:#ffffff;padding: 0px 0px 0px 0px;background-position:left top;background-repeat:no-repeat;-webkit-background-size:cover;-moz-background-size:cover;-o-background-size:cover;background-size:cover;\"  data-bg-url=\"\">\n\t\t\t\t\t\t<div class=\"fusion-text\">\n<div class=\"wpcf7 no-js\" id=\"wpcf7-f1949-o1\" lang=\"en-GB\" dir=\"ltr\">\n<div class=\"screen-reader-response\"><p role=\"status\" aria-live=\"polite\" aria-atomic=\"true\"><\/p> <ul><\/ul><\/div>\n<form action=\"\/fr\/wp-json\/wp\/v2\/pages\/18#wpcf7-f1949-o1\" method=\"post\" class=\"wpcf7-form init\" aria-label=\"Contact form\" novalidate=\"novalidate\" data-status=\"init\" data-trp-original-action=\"\/fr\/wp-json\/wp\/v2\/pages\/18#wpcf7-f1949-o1\">\n<div style=\"display: none;\">\n<input type=\"hidden\" name=\"_wpcf7\" value=\"1949\" \/>\n<input type=\"hidden\" name=\"_wpcf7_version\" value=\"5.9.3\" \/>\n<input type=\"hidden\" name=\"_wpcf7_locale\" value=\"en_GB\" \/>\n<input type=\"hidden\" name=\"_wpcf7_unit_tag\" value=\"wpcf7-f1949-o1\" \/>\n<input type=\"hidden\" name=\"_wpcf7_container_post\" value=\"0\" \/>\n<input type=\"hidden\" name=\"_wpcf7_posted_data_hash\" value=\"\" \/>\n<\/div>\n<div class=\"fusion-one-third fusion-layout-column fusion-column-first fusion-spacing-yes\">\n\t<p><label>Votre Nom<\/label>\n\t<\/p>\n<\/div>\n<div class=\"fusion-two-third fusion-layout-column fusion-column-last fusion-spacing-yes\">\n\t<p><span class=\"wpcf7-form-control-wrap\" data-name=\"your-name\"><input size=\"40\" class=\"wpcf7-form-control wpcf7-text wpcf7-validates-as-required\" aria-required=\"true\" aria-invalid=\"false\" value=\"\" type=\"text\" name=\"your-name\" \/><\/span>\n\t<\/p>\n<\/div>\n<div class=\"fusion-one-third fusion-layout-column fusion-column-first fusion-spacing-yes\">\n\t<p><label>Email *<\/label>\n\t<\/p>\n<\/div>\n<div class=\"fusion-two-third fusion-layout-column fusion-column-last fusion-spacing-yes\">\n\t<p><span class=\"wpcf7-form-control-wrap\" data-name=\"your-email\"><input size=\"40\" class=\"wpcf7-form-control wpcf7-email wpcf7-validates-as-required wpcf7-text wpcf7-validates-as-email\" aria-required=\"true\" aria-invalid=\"false\" value=\"\" type=\"email\" name=\"your-email\" \/><\/span>\n\t<\/p>\n<\/div>\n<div class=\"fusion-one-third fusion-layout-column fusion-column-first fusion-spacing-yes\">\n\t<p><label>Telephone *<\/label>\n\t<\/p>\n<\/div>\n<div class=\"fusion-two-third fusion-layout-column fusion-column-last fusion-spacing-yes\">\n\t<p><span class=\"wpcf7-form-control-wrap\" data-name=\"your-phone\"><input size=\"40\" class=\"wpcf7-form-control wpcf7-tel wpcf7-validates-as-required wpcf7-text wpcf7-validates-as-tel\" aria-required=\"true\" aria-invalid=\"false\" value=\"\" type=\"tel\" name=\"your-phone\" \/><\/span>\n\t<\/p>\n<\/div>\n<div class=\"fusion-one-third fusion-layout-column fusion-column-first fusion-spacing-yes\">\n\t<p><label>Nombre d'invit\u00e9s<\/label>\n\t<\/p>\n<\/div>\n<div class=\"fusion-two-third fusion-layout-column fusion-column-last fusion-spacing-yes\">\n\t<div class=\"fusion-one-fourth fusion-layout-column fusion-column-first fusion-spacing-yes\">\n\t\t<p><label>Adults<\/label>\n\t\t<\/p>\n\t<\/div>\n\t<div class=\"fusion-one-fourth fusion-layout-column fusion-spacing-yes\">\n\t\t<p><span class=\"wpcf7-form-control-wrap\" data-name=\"guests-adults\"><input size=\"40\" class=\"wpcf7-form-control wpcf7-text wpcf7-validates-as-required\" aria-required=\"true\" aria-invalid=\"false\" value=\"\" type=\"text\" name=\"guests-adults\" \/><\/span>\n\t\t<\/p>\n\t<\/div>\n\t<div class=\"fusion-one-fourth fusion-layout-column fusion-spacing-yes\">\n\t\t<p><label>Les Enfants<\/label>\n\t\t<\/p>\n\t<\/div>\n\t<div class=\"fusion-one-fourth fusion-layout-column fusion-column-last fusion-spacing-yes\">\n\t\t<p><span class=\"wpcf7-form-control-wrap\" data-name=\"guests-children\"><input size=\"40\" class=\"wpcf7-form-control wpcf7-text wpcf7-validates-as-required\" aria-required=\"true\" aria-invalid=\"false\" value=\"\" type=\"text\" name=\"guests-children\" \/><\/span>\n\t\t<\/p>\n\t<\/div>\n<\/div>\n<div class=\"fusion-one-third fusion-layout-column fusion-column-first fusion-spacing-yes\">\n\t<p><label>Message *<\/label>\n\t<\/p>\n<\/div>\n<div class=\"fusion-two-third fusion-layout-column fusion-column-last fusion-spacing-yes\">\n\t<p><span class=\"wpcf7-form-control-wrap\" data-name=\"your-message\"><textarea cols=\"40\" rows=\"10\" class=\"wpcf7-form-control wpcf7-textarea\" aria-invalid=\"false\" name=\"your-message\"><\/textarea><\/span>\n\t<\/p>\n<\/div>\n<div class=\"fusion-one-third fusion-layout-column fusion-column-first fusion-spacing-yes\">\n\t<p><label>O\u00f9 nous avez-vous trouv\u00e9s ?<\/label>\n\t<\/p>\n<\/div>\n<div class=\"fusion-two-third fusion-layout-column fusion-column-last fusion-spacing-yes\">\n\t<p><span class=\"wpcf7-form-control-wrap\" data-name=\"menu-962\"><select class=\"wpcf7-form-control wpcf7-select\" aria-invalid=\"false\" name=\"menu-962\"><option value=\"Google Search\">Google Search<\/option><option value=\"Other Search Engine\">Other Search Engine<\/option><option value=\"Advert in a magazine\">Advert in a magazine<\/option><option value=\"Friend or relative\">Friend or relative<\/option><option value=\"Link on another site\">Link on another site<\/option><option value=\"Advert in an email\">Advert in an email<\/option><option value=\"Poster or flyer\">Poster or flyer<\/option><\/select><\/span>\n\t<\/p>\n<\/div>\n<div class=\"fusion-one-third fusion-layout-column fusion-column-first fusion-spacing-yes\">\n\t<p>&nbsp;\n\t<\/p>\n<\/div>\n<div class=\"fusion-two-third fusion-layout-column fusion-column-last fusion-spacing-yes\">\n\t<p>Ce formulaire permet de recueillir les informations ci-dessus. Nous utiliserons ces donn\u00e9es pour vous contacter au sujet de votre demande, et si la case \"newsletter\" est coch\u00e9e, nous pourrons vous envoyer des e-mails promotionnels et les derni\u00e8res informations sur notre propri\u00e9t\u00e9. Veuillez consulter notre politique de confidentialit\u00e9 pour savoir comment nous prot\u00e9geons et g\u00e9rons vos donn\u00e9es. <a href=\"https:\/\/manoirdebiraudbas.com\/fr\/privacy-policy\/\" target=\"_blank\">privacy policy<\/a> to see how we protect and manage your data.\n\t<\/p>\n<\/div>\n<div class=\"fusion-one-third fusion-layout-column fusion-column-first fusion-spacing-yes\">\n\t<p><label>Je consens \u00e0 ce que Biraud Bas Gite recueille mon nom et mon adresse \u00e9lectronique.<\/label>\n\t<\/p>\n<\/div>\n<div class=\"fusion-two-third fusion-layout-column fusion-column-last fusion-spacing-yes\">\n\t<p><span class=\"wpcf7-form-control-wrap\" data-name=\"gdpr-check\"><span class=\"wpcf7-form-control wpcf7-checkbox wpcf7-validates-as-required wpcf7-exclusive-checkbox\"><span class=\"wpcf7-list-item first last\"><input type=\"checkbox\" name=\"gdpr-check\" value=\"\" \/><span class=\"wpcf7-list-item-label\"><\/span><\/span><\/span><\/span>\n\t<\/p>\n<\/div>\n<div class=\"fusion-one-third fusion-layout-column fusion-column-first fusion-spacing-yes\">\n\t<p><label>&nbsp;<\/label>\n\t<\/p>\n<\/div>\n<div class=\"fusion-two-third fusion-layout-column fusion-column-last fusion-spacing-yes\">\n\t<p><input class=\"wpcf7-form-control wpcf7-submit has-spinner\" type=\"submit\" value=\"Send\" \/>\n\t<\/p>\n<\/div><div class=\"wpcf7-response-output\" aria-hidden=\"true\"><\/div>\n<input type=\"hidden\" name=\"trp-form-language\" value=\"fr\"\/><\/form>\n<\/div>\n\n<\/div><div class=\"fusion-clearfix\"><\/div>\n\n\t\t\t\t\t<\/div>\n\t\t\t\t<\/div><\/div><\/div><\/p>","protected":false},"excerpt":{"rendered":"","protected":false},"author":1,"featured_media":0,"parent":0,"menu_order":0,"comment_status":"open","ping_status":"open","template":"100-width.php","meta":{"footnotes":""},"_links":{"self":[{"href":"https:\/\/manoirdebiraudbas.com\/fr\/wp-json\/wp\/v2\/pages\/18"}],"collection":[{"href":"https:\/\/manoirdebiraudbas.com\/fr\/wp-json\/wp\/v2\/pages"}],"about":[{"href":"https:\/\/manoirdebiraudbas.com\/fr\/wp-json\/wp\/v2\/types\/page"}],"author":[{"embeddable":true,"href":"https:\/\/manoirdebiraudbas.com\/fr\/wp-json\/wp\/v2\/users\/1"}],"replies":[{"embeddable":true,"href":"https:\/\/manoirdebiraudbas.com\/fr\/wp-json\/wp\/v2\/comments?post=18"}],"version-history":[{"count":23,"href":"https:\/\/manoirdebiraudbas.com\/fr\/wp-json\/wp\/v2\/pages\/18\/revisions"}],"predecessor-version":[{"id":2440,"href":"https:\/\/manoirdebiraudbas.com\/fr\/wp-json\/wp\/v2\/pages\/18\/revisions\/2440"}],"wp:attachment":[{"href":"https:\/\/manoirdebiraudbas.com\/fr\/wp-json\/wp\/v2\/media?parent=18"}],"curies":[{"name":"wp","href":"https:\/\/api.w.org\/{rel}","templated":true}]}}