{"id":1879,"date":"2018-02-15T15:43:47","date_gmt":"2018-02-15T15:43:47","guid":{"rendered":"https:\/\/manoirdebiraudbas.com\/?page_id=1879"},"modified":"2018-07-17T10:55:52","modified_gmt":"2018-07-17T09:55:52","slug":"living-room","status":"publish","type":"page","link":"https:\/\/manoirdebiraudbas.com\/fr\/living-room\/","title":{"rendered":"SALON"},"content":{"rendered":"<p><div class=\"fusion-fullwidth fullwidth-box nonhundred-percent-fullwidth non-hundred-percent-height-scrolling\"  style='background-color: #ffffff;background-position: center center;background-repeat: no-repeat;padding-top:0px;padding-right:0px;padding-bottom:0px;padding-left:0px;'><div class=\"fusion-builder-row fusion-row\"><div  class=\"fusion-layout-column fusion_builder_column fusion_builder_column_1_1  fusion-one-full fusion-column-first fusion-column-last 1_1\"  style='margin-top:0px;margin-bottom:00px;'>\n\t\t\t\t\t<div class=\"fusion-column-wrapper\" style=\"padding: 0px 0px 0px 0px;background-position:left top;background-repeat:no-repeat;-webkit-background-size:cover;-moz-background-size:cover;-o-background-size:cover;background-size:cover;\"  data-bg-url=\"\">\n\t\t\t\t\t\t<div class=\"fusion-text\"><h1>SALON<\/h1>\n<h3>Spacieux avec des caract\u00e9ristiques originales<\/h3>\n<\/div><div class=\"fusion-sep-clear\"><\/div><div class=\"fusion-separator fusion-full-width-sep sep-single sep-solid\" style=\"border-color:#a68f50;border-top-width:2px;margin-left: auto;margin-right: auto;margin-top:;margin-bottom:30px;\"><\/div><div class=\"fusion-clearfix\"><\/div>\n\n\t\t\t\t\t<\/div>\n\t\t\t\t<\/div><\/div><\/div><div class=\"fusion-fullwidth fullwidth-box nonhundred-percent-fullwidth non-hundred-percent-height-scrolling\"  style='background-color: #f5f1ea;background-position: center center;background-repeat: no-repeat;padding-top:0px;padding-right:0px;padding-bottom:0px;padding-left:0px;'><div class=\"fusion-builder-row fusion-row\"><div  class=\"fusion-layout-column fusion_builder_column fusion_builder_column_1_2  fusion-one-half fusion-column-first 1_2\"  style='margin-top:0px;margin-bottom:00px;width:50%;width:calc(50% - ( ( 4% ) * 0.5 ) );margin-right: 4%;'>\n\t\t\t\t\t<div class=\"fusion-column-wrapper\" style=\"padding: 0px 0px 0px 0px;background-position:left top;background-repeat:no-repeat;-webkit-background-size:cover;-moz-background-size:cover;-o-background-size:cover;background-size:cover;\"  data-bg-url=\"\">\n\t\t\t\t\t\t<div class=\"imageframe-liftup\"><span class=\"fusion-imageframe imageframe-none imageframe-1\"><a href=\"https:\/\/manoirdebiraudbas.com\/wp-content\/uploads\/2018\/07\/living-room.jpg\" class=\"fusion-lightbox\" data-rel=\"iLightbox[d3c14768d1161071ab6]\" data-title=\"living-room\" title=\"living-room\"><img loading=\"lazy\" decoding=\"async\" src=\"https:\/\/manoirdebiraudbas.com\/wp-content\/uploads\/2018\/07\/living-room.jpg\" width=\"1200\" height=\"795\" alt=\"\" class=\"img-responsive wp-image-2056\" srcset=\"https:\/\/manoirdebiraudbas.com\/wp-content\/uploads\/2018\/07\/living-room-200x133.jpg 200w, https:\/\/manoirdebiraudbas.com\/wp-content\/uploads\/2018\/07\/living-room-400x265.jpg 400w, https:\/\/manoirdebiraudbas.com\/wp-content\/uploads\/2018\/07\/living-room-600x398.jpg 600w, https:\/\/manoirdebiraudbas.com\/wp-content\/uploads\/2018\/07\/living-room-800x530.jpg 800w, https:\/\/manoirdebiraudbas.com\/wp-content\/uploads\/2018\/07\/living-room.jpg 1200w\" sizes=\"(max-width: 1060px) 100vw, 600px\" \/><\/a><\/span><\/div><div class=\"fusion-clearfix\"><\/div>\n\n\t\t\t\t\t<\/div>\n\t\t\t\t<\/div><div  class=\"fusion-layout-column fusion_builder_column fusion_builder_column_1_2  fusion-one-half fusion-column-last 1_2\"  style='margin-top:0px;margin-bottom:00px;width:50%;width:calc(50% - ( ( 4% ) * 0.5 ) );'>\n\t\t\t\t\t<div class=\"fusion-column-wrapper\" style=\"padding: 30px 30px 0px 30px;background-position:left top;background-repeat:no-repeat;-webkit-background-size:cover;-moz-background-size:cover;-o-background-size:cover;background-size:cover;\"  data-bg-url=\"\">\n\t\t\t\t\t\t<div class=\"fusion-text\"><p>Deux canap\u00e9s en cuir deux places, un fauteuil inclinable en cuir, un repose-pied, une table basse, un tapis, une t\u00e9l\u00e9vision, un lecteur DVD, une po\u00eale \u00e0 bois. Les portes-fen\u00eatres m\u00e8nent sur une terrasse ainsi qu\u2019un jardin priv\u00e9.<\/p>\n<\/div><div class=\"fusion-clearfix\"><\/div>\n\n\t\t\t\t\t<\/div>\n\t\t\t\t<\/div><\/div><\/div><div class=\"fusion-fullwidth fullwidth-box nonhundred-percent-fullwidth non-hundred-percent-height-scrolling\"  style='background-color: #ffffff;background-position: center center;background-repeat: no-repeat;padding-top:0px;padding-right:0px;padding-bottom:0px;padding-left:0px;'><div class=\"fusion-builder-row fusion-row\"><div  class=\"fusion-layout-column fusion_builder_column fusion_builder_column_1_1  fusion-one-full fusion-column-first fusion-column-last 1_1\"  style='margin-top:0px;margin-bottom:00px;'>\n\t\t\t\t\t<div class=\"fusion-column-wrapper\" style=\"padding: 30px 0px 0px 0px;background-position:left top;background-repeat:no-repeat;-webkit-background-size:cover;-moz-background-size:cover;-o-background-size:cover;background-size:cover;\"  data-bg-url=\"\">\n\t\t\t\t\t\t<div class=\"fusion-button-wrapper\"><style type=\"text\/css\" scoped=\"scoped\">.fusion-button.button-1 .fusion-button-text, .fusion-button.button-1 i {color:#ffffff;}.fusion-button.button-1 {border-width:0px;border-color:#ffffff;}.fusion-button.button-1 .fusion-button-icon-divider{border-color:#ffffff;}.fusion-button.button-1:hover .fusion-button-text, .fusion-button.button-1:hover i,.fusion-button.button-1:focus .fusion-button-text, .fusion-button.button-1:focus i,.fusion-button.button-1:active .fusion-button-text, .fusion-button.button-1:active{color:#ffffff;}.fusion-button.button-1:hover, .fusion-button.button-1:focus, .fusion-button.button-1:active{border-width:0px;border-color:#ffffff;}.fusion-button.button-1:hover .fusion-button-icon-divider, .fusion-button.button-1:hover .fusion-button-icon-divider, .fusion-button.button-1:active .fusion-button-icon-divider{border-color:#ffffff;}.fusion-button.button-1{width:auto;}<\/style><a class=\"fusion-button button-flat fusion-button-round button-large button-default button-1\" target=\"_self\" href=\"..\/property\"><i class=\"fa fa-arrow-circle-left button-icon-left\"><\/i><span class=\"fusion-button-text\">Retour aux d\u00e9tails de la propri\u00e9t\u00e9<\/span><\/a><\/div><div class=\"fusion-clearfix\"><\/div>\n\n\t\t\t\t\t<\/div>\n\t\t\t\t<\/div><\/div><\/div><\/p>","protected":false},"excerpt":{"rendered":"","protected":false},"author":1,"featured_media":0,"parent":0,"menu_order":0,"comment_status":"closed","ping_status":"closed","template":"","meta":{"footnotes":""},"_links":{"self":[{"href":"https:\/\/manoirdebiraudbas.com\/fr\/wp-json\/wp\/v2\/pages\/1879"}],"collection":[{"href":"https:\/\/manoirdebiraudbas.com\/fr\/wp-json\/wp\/v2\/pages"}],"about":[{"href":"https:\/\/manoirdebiraudbas.com\/fr\/wp-json\/wp\/v2\/types\/page"}],"author":[{"embeddable":true,"href":"https:\/\/manoirdebiraudbas.com\/fr\/wp-json\/wp\/v2\/users\/1"}],"replies":[{"embeddable":true,"href":"https:\/\/manoirdebiraudbas.com\/fr\/wp-json\/wp\/v2\/comments?post=1879"}],"version-history":[{"count":4,"href":"https:\/\/manoirdebiraudbas.com\/fr\/wp-json\/wp\/v2\/pages\/1879\/revisions"}],"predecessor-version":[{"id":2074,"href":"https:\/\/manoirdebiraudbas.com\/fr\/wp-json\/wp\/v2\/pages\/1879\/revisions\/2074"}],"wp:attachment":[{"href":"https:\/\/manoirdebiraudbas.com\/fr\/wp-json\/wp\/v2\/media?parent=1879"}],"curies":[{"name":"wp","href":"https:\/\/api.w.org\/{rel}","templated":true}]}}