{"id":2153,"date":"2018-07-31T09:33:08","date_gmt":"2018-07-31T08:33:08","guid":{"rendered":"https:\/\/manoirdebiraudbas.com\/?page_id=2153"},"modified":"2019-11-17T18:12:54","modified_gmt":"2019-11-17T18:12:54","slug":"manoir-terrace","status":"publish","type":"page","link":"https:\/\/manoirdebiraudbas.com\/fr\/manoir-terrace\/","title":{"rendered":"TERRACE"},"content":{"rendered":"<p><div class=\"fusion-fullwidth fullwidth-box nonhundred-percent-fullwidth non-hundred-percent-height-scrolling\"  style='background-color: #ffffff;background-position: center center;background-repeat: no-repeat;padding-top:0px;padding-right:0px;padding-bottom:0px;padding-left:0px;'><div class=\"fusion-builder-row fusion-row\"><div  class=\"fusion-layout-column fusion_builder_column fusion_builder_column_1_1  fusion-one-full fusion-column-first fusion-column-last 1_1\"  style='margin-top:0px;margin-bottom:00px;'>\n\t\t\t\t\t<div class=\"fusion-column-wrapper\" style=\"padding: 0px 0px 0px 0px;background-position:left top;background-repeat:no-repeat;-webkit-background-size:cover;-moz-background-size:cover;-o-background-size:cover;background-size:cover;\"  data-bg-url=\"\">\n\t\t\t\t\t\t<div class=\"fusion-text\"><h1><b>TERRACE<\/b><\/h1>\n<h3><b>AVEC VUES SENSATIONELS<\/b><\/h3>\n<\/div><div class=\"fusion-sep-clear\"><\/div><div class=\"fusion-separator fusion-full-width-sep sep-single sep-solid\" style=\"border-color:#a68f50;border-top-width:2px;margin-left: auto;margin-right: auto;margin-top:;margin-bottom:30px;\"><\/div><div class=\"fusion-clearfix\"><\/div>\n\n\t\t\t\t\t<\/div>\n\t\t\t\t<\/div><\/div><\/div><div class=\"fusion-fullwidth fullwidth-box nonhundred-percent-fullwidth non-hundred-percent-height-scrolling fusion-equal-height-columns\"  style='background-color: #f5f1ea;background-position: center center;background-repeat: no-repeat;padding-top:0px;padding-right:0px;padding-bottom:0px;padding-left:0px;'><div class=\"fusion-builder-row fusion-row\"><div  class=\"fusion-layout-column fusion_builder_column fusion_builder_column_1_2  fusion-one-half fusion-column-first 1_2\"  style='margin-top:0px;margin-bottom:0px;width:50%;width:calc(50% - ( ( 4% ) * 0.5 ) );margin-right: 4%;'>\n\t\t\t\t\t<div class=\"fusion-column-wrapper\" style=\"padding: 0px 0px 0px 0px;background-position:left top;background-repeat:no-repeat;-webkit-background-size:cover;-moz-background-size:cover;-o-background-size:cover;background-size:cover;\"  data-bg-url=\"\">\n\t\t\t\t\t\t<div class=\"imageframe-liftup\"><span class=\"fusion-imageframe imageframe-none imageframe-1\"><a href=\"https:\/\/manoirdebiraudbas.com\/wp-content\/uploads\/2018\/07\/outdoor-dining.jpg\" class=\"fusion-lightbox\" data-rel=\"iLightbox[a5a88d3ad2eb71366b5]\" data-title=\"outdoor dining\" title=\"outdoor dining\"><img loading=\"lazy\" decoding=\"async\" src=\"https:\/\/manoirdebiraudbas.com\/wp-content\/uploads\/2018\/07\/outdoor-dining.jpg\" width=\"1200\" height=\"795\" alt=\"\" class=\"img-responsive wp-image-2111\" srcset=\"https:\/\/manoirdebiraudbas.com\/wp-content\/uploads\/2018\/07\/outdoor-dining-200x133.jpg 200w, https:\/\/manoirdebiraudbas.com\/wp-content\/uploads\/2018\/07\/outdoor-dining-400x265.jpg 400w, https:\/\/manoirdebiraudbas.com\/wp-content\/uploads\/2018\/07\/outdoor-dining-600x398.jpg 600w, https:\/\/manoirdebiraudbas.com\/wp-content\/uploads\/2018\/07\/outdoor-dining-800x530.jpg 800w, https:\/\/manoirdebiraudbas.com\/wp-content\/uploads\/2018\/07\/outdoor-dining.jpg 1200w\" sizes=\"(max-width: 1060px) 100vw, 600px\" \/><\/a><\/span><\/div><div class=\"fusion-clearfix\"><\/div>\n\n\t\t\t\t\t<\/div>\n\t\t\t\t<\/div><div  class=\"fusion-layout-column fusion_builder_column fusion_builder_column_1_2  fusion-one-half fusion-column-last 1_2\"  style='margin-top:0px;margin-bottom:00px;width:50%;width:calc(50% - ( ( 4% ) * 0.5 ) );'>\n\t\t\t\t\t<div class=\"fusion-column-wrapper\" style=\"padding: 30px 30px 0px 30px;background-position:left top;background-repeat:no-repeat;-webkit-background-size:cover;-moz-background-size:cover;-o-background-size:cover;background-size:cover;\"  data-bg-url=\"\">\n\t\t\t\t\t\t<div class=\"fusion-text\"><p><strong><b>Terrace avec vues sensationels<\/b><\/strong><\/p>\n<p>Exposition Sud-Ouest, 12 x 4 m avec canap\u00e9s et fauteuils rembourr\u00e9s tr\u00e8s confortables pouvant accueillir dix adultes et quatre enfants. Des rideaux en mousseline sont suspendus le long de l'\u00e9l\u00e9vation ouest de la terrasse pour cr\u00e9er une ombre suppl\u00e9mentaire en fin d'apr\u00e8s-midi \/ d\u00e9but de soir\u00e9e. Grand barbecue \u00e0 gaz Weber. Vues panoramiques. Apportez vos jumelles pour rep\u00e9rer des cerfs, des sangliers, des li\u00e8vres, des aigles et d'autres oiseaux de proie qui vivent dans notre vall\u00e9e.<\/p>\n<\/div><div class=\"fusion-clearfix\"><\/div>\n\n\t\t\t\t\t<\/div>\n\t\t\t\t<\/div><\/div><\/div><div class=\"fusion-fullwidth fullwidth-box nonhundred-percent-fullwidth non-hundred-percent-height-scrolling fusion-equal-height-columns\"  style='background-color: #f5f1ea;background-position: center center;background-repeat: no-repeat;padding-top:0px;padding-right:0px;padding-bottom:0px;padding-left:0px;margin-top: 30px;'><div class=\"fusion-builder-row fusion-row\"><div  class=\"fusion-layout-column fusion_builder_column fusion_builder_column_1_2  fusion-one-half fusion-column-first 1_2\"  style='margin-top:0px;margin-bottom:0px;width:50%;width:calc(50% - ( ( 4% ) * 0.5 ) );margin-right: 4%;'>\n\t\t\t\t\t<div class=\"fusion-column-wrapper\" style=\"padding: 0px 0px 0px 0px;background-position:left top;background-repeat:no-repeat;-webkit-background-size:cover;-moz-background-size:cover;-o-background-size:cover;background-size:cover;\"  data-bg-url=\"\">\n\t\t\t\t\t\t<div class=\"imageframe-liftup\"><span class=\"fusion-imageframe imageframe-none imageframe-2\"><a href=\"https:\/\/manoirdebiraudbas.com\/wp-content\/uploads\/2018\/07\/terrace.jpg\" class=\"fusion-lightbox\" data-rel=\"iLightbox[c6805b21d6d423a5347]\" data-title=\"terrace\" title=\"terrace\"><img loading=\"lazy\" decoding=\"async\" src=\"https:\/\/manoirdebiraudbas.com\/wp-content\/uploads\/2018\/07\/terrace.jpg\" width=\"1200\" height=\"795\" alt=\"\" class=\"img-responsive wp-image-2112\" srcset=\"https:\/\/manoirdebiraudbas.com\/wp-content\/uploads\/2018\/07\/terrace-200x133.jpg 200w, https:\/\/manoirdebiraudbas.com\/wp-content\/uploads\/2018\/07\/terrace-400x265.jpg 400w, https:\/\/manoirdebiraudbas.com\/wp-content\/uploads\/2018\/07\/terrace-600x398.jpg 600w, https:\/\/manoirdebiraudbas.com\/wp-content\/uploads\/2018\/07\/terrace-800x530.jpg 800w, https:\/\/manoirdebiraudbas.com\/wp-content\/uploads\/2018\/07\/terrace.jpg 1200w\" sizes=\"(max-width: 1060px) 100vw, 600px\" \/><\/a><\/span><\/div><div class=\"fusion-clearfix\"><\/div>\n\n\t\t\t\t\t<\/div>\n\t\t\t\t<\/div><div  class=\"fusion-layout-column fusion_builder_column fusion_builder_column_1_2  fusion-one-half fusion-column-last 1_2\"  style='margin-top:0px;margin-bottom:00px;width:50%;width:calc(50% - ( ( 4% ) * 0.5 ) );'>\n\t\t\t\t\t<div class=\"fusion-column-wrapper\" style=\"padding: 30px 30px 0px 30px;background-position:left top;background-repeat:no-repeat;-webkit-background-size:cover;-moz-background-size:cover;-o-background-size:cover;background-size:cover;\"  data-bg-url=\"\">\n\t\t\t\t\t\t<div class=\"fusion-text\"><p><strong><b>Vos soir\u00e9es sur la terrasse<\/b><\/strong><\/p>\n<p>Table et chaises pour 14 personnes (tables et chaises suppl\u00e9mentaires disponibles sur demande). \u00c9clair\u00e9 la nuit par un \u00e9clairage LED subtil, ainsi que des lanternes avec bougies aliment\u00e9es par batterie.<\/p>\n<\/div><div class=\"fusion-clearfix\"><\/div>\n\n\t\t\t\t\t<\/div>\n\t\t\t\t<\/div><\/div><\/div><div class=\"fusion-fullwidth fullwidth-box nonhundred-percent-fullwidth non-hundred-percent-height-scrolling\"  style='background-color: #ffffff;background-position: center center;background-repeat: no-repeat;padding-top:0px;padding-right:0px;padding-bottom:0px;padding-left:0px;margin-top: 30px;'><div class=\"fusion-builder-row fusion-row\"><div  class=\"fusion-layout-column fusion_builder_column fusion_builder_column_1_1  fusion-one-full fusion-column-first fusion-column-last 1_1\"  style='margin-top:0px;margin-bottom:00px;'>\n\t\t\t\t\t<div class=\"fusion-column-wrapper\" style=\"padding: 30px 0px 0px 0px;background-position:left top;background-repeat:no-repeat;-webkit-background-size:cover;-moz-background-size:cover;-o-background-size:cover;background-size:cover;\"  data-bg-url=\"\">\n\t\t\t\t\t\t<div class=\"fusion-button-wrapper\"><style type=\"text\/css\" scoped=\"scoped\">.fusion-button.button-1 .fusion-button-text, .fusion-button.button-1 i {color:#ffffff;}.fusion-button.button-1 {border-width:0px;border-color:#ffffff;}.fusion-button.button-1 .fusion-button-icon-divider{border-color:#ffffff;}.fusion-button.button-1:hover .fusion-button-text, .fusion-button.button-1:hover i,.fusion-button.button-1:focus .fusion-button-text, .fusion-button.button-1:focus i,.fusion-button.button-1:active .fusion-button-text, .fusion-button.button-1:active{color:#ffffff;}.fusion-button.button-1:hover, .fusion-button.button-1:focus, .fusion-button.button-1:active{border-width:0px;border-color:#ffffff;}.fusion-button.button-1:hover .fusion-button-icon-divider, .fusion-button.button-1:hover .fusion-button-icon-divider, .fusion-button.button-1:active .fusion-button-icon-divider{border-color:#ffffff;}.fusion-button.button-1{width:auto;}<\/style><a class=\"fusion-button button-flat fusion-button-round button-large button-default button-1\" target=\"_self\" href=\"https:\/\/manoirdebiraudbas.com\/fr\/property-manior\/\"><i class=\"fa fa-arrow-circle-left button-icon-left\"><\/i><span class=\"fusion-button-text\">Retour aux d\u00e9tails de la propri\u00e9t\u00e9<\/span><\/a><\/div><div class=\"fusion-clearfix\"><\/div>\n\n\t\t\t\t\t<\/div>\n\t\t\t\t<\/div><\/div><\/div><\/p>","protected":false},"excerpt":{"rendered":"","protected":false},"author":1,"featured_media":0,"parent":0,"menu_order":0,"comment_status":"closed","ping_status":"closed","template":"","meta":{"footnotes":""},"_links":{"self":[{"href":"https:\/\/manoirdebiraudbas.com\/fr\/wp-json\/wp\/v2\/pages\/2153"}],"collection":[{"href":"https:\/\/manoirdebiraudbas.com\/fr\/wp-json\/wp\/v2\/pages"}],"about":[{"href":"https:\/\/manoirdebiraudbas.com\/fr\/wp-json\/wp\/v2\/types\/page"}],"author":[{"embeddable":true,"href":"https:\/\/manoirdebiraudbas.com\/fr\/wp-json\/wp\/v2\/users\/1"}],"replies":[{"embeddable":true,"href":"https:\/\/manoirdebiraudbas.com\/fr\/wp-json\/wp\/v2\/comments?post=2153"}],"version-history":[{"count":4,"href":"https:\/\/manoirdebiraudbas.com\/fr\/wp-json\/wp\/v2\/pages\/2153\/revisions"}],"predecessor-version":[{"id":2268,"href":"https:\/\/manoirdebiraudbas.com\/fr\/wp-json\/wp\/v2\/pages\/2153\/revisions\/2268"}],"wp:attachment":[{"href":"https:\/\/manoirdebiraudbas.com\/fr\/wp-json\/wp\/v2\/media?parent=2153"}],"curies":[{"name":"wp","href":"https:\/\/api.w.org\/{rel}","templated":true}]}}